{"id":1565,"date":"2020-12-13T10:08:51","date_gmt":"2020-12-13T10:08:51","guid":{"rendered":"http:\/\/antiqvm.com\/antiqvminteriorab\/?page_id=1565"},"modified":"2022-12-06T08:41:14","modified_gmt":"2022-12-06T08:41:14","slug":"om_ny","status":"publish","type":"page","link":"http:\/\/antiqvm.com\/antiqvminteriorab\/?page_id=1565","title":{"rendered":"OM"},"content":{"rendered":"\n<div class=\"is-layout-flex wp-container-3 wp-block-columns\">\n<div class=\"is-layout-flow wp-block-column\">\n<p><strong>SARA S\u00d6DERBERG SVANTESSON<\/strong><br data-rich-text-line-break=\"true\" \/>\u00c4GARE\/INREDARE\/STYLIST<br data-rich-text-line-break=\"true\" \/>TEL: 070-366 77 29<br data-rich-text-line-break=\"true\" \/><br data-rich-text-line-break=\"true\" \/><br data-rich-text-line-break=\"true\" \/><strong data-rich-text-format-boundary=\"true\">REN\u00c9E ELIASSON<\/strong><br data-rich-text-line-break=\"true\" \/>STYLIST<br data-rich-text-line-break=\"true\" \/>TEL:\u00a0073-517 61 05<\/p>\n<\/div>\n\n\n\n<div class=\"is-layout-flow wp-block-column\">\n<figure class=\"wp-block-image size-large\"><a href=\"http:\/\/media.antiqvm.com\/2020\/12\/spegel.jpeg\" rel=\"shadowbox[sbpost-1565];player=img;\"><img decoding=\"async\" loading=\"lazy\" width=\"214\" height=\"320\" src=\"http:\/\/media.antiqvm.com\/2020\/12\/spegel.jpeg\" alt=\"\" class=\"wp-image-1569\" srcset=\"http:\/\/media.antiqvm.com\/2020\/12\/spegel.jpeg 214w, http:\/\/media.antiqvm.com\/2020\/12\/spegel-201x300.jpeg 201w\" sizes=\"(max-width: 214px) 100vw, 214px\" \/><\/a><\/figure>\n<\/div>\n<\/div>\n\n\n\n<hr class=\"wp-block-separator has-css-opacity\"\/>\n\n\n\n<p>Amazing Interior AB grundades i Stockholm \u00e5r 2009 av Sara S\u00f6derberg Svantesson. Vi erbjuder inrednings- och homestylingtj\u00e4nster till f\u00f6retag och privatpersoner i Stockholmsomr\u00e5det samt i Sk\u00e5ne. Kontor och Showroom finns p\u00e5 Karlav\u00e4gen 22 i Stockholm, d\u00e4r f\u00f6revisas \u00e4ven ett urval av systerf\u00f6retaget Antiqvm AB.s 1700-tals antikviteter. G\u00e5r du i tankar p\u00e5 att s\u00e4lja din bostad, d\u00e5 hj\u00e4lper Amazing Interior till med homestylingen. I v\u00e5rt stora homestylinglager har vi inredning som \u00e4r anpassad f\u00f6r s\u00e5v\u00e4l moderna bost\u00e4der som sekelskiftesbost\u00e4der.Vill du g\u00f6ra en mer permanent f\u00f6r\u00e4ndring i bostaden hj\u00e4lper vi till med ett inredningsf\u00f6rslag. Tillsammans utarbetar vi en inredning som \u00e4r anpassad efter dina behov och preferenser, oavsett om det \u00e4r en modern inredning eller en inredning med antikviteter.<\/p>\n","protected":false},"excerpt":{"rendered":"<p>SARA S\u00d6DERBERG SVANTESSON\u00c4GARE\/INREDARE\/STYLISTTEL: 070-366 77 29REN\u00c9E ELIASSONSTYLISTTEL:\u00a0073-517 61 05 Amazing Interior AB grundades i Stockholm \u00e5r 2009 av Sara S\u00f6derberg Svantesson. Vi erbjuder inrednings- och homestylingtj\u00e4nster till f\u00f6retag och privatpersoner i Stockholmsomr\u00e5det samt i Sk\u00e5ne. Kontor och Showroom finns p\u00e5 Karlav\u00e4gen 22 i Stockholm, d\u00e4r f\u00f6revisas \u00e4ven ett urval av systerf\u00f6retaget Antiqvm AB.s 1700-tals antikviteter. [&hellip;]<\/p>\n","protected":false},"author":3,"featured_media":0,"parent":0,"menu_order":5,"comment_status":"closed","ping_status":"closed","template":"","meta":[],"_links":{"self":[{"href":"http:\/\/antiqvm.com\/antiqvminteriorab\/index.php?rest_route=\/wp\/v2\/pages\/1565"}],"collection":[{"href":"http:\/\/antiqvm.com\/antiqvminteriorab\/index.php?rest_route=\/wp\/v2\/pages"}],"about":[{"href":"http:\/\/antiqvm.com\/antiqvminteriorab\/index.php?rest_route=\/wp\/v2\/types\/page"}],"author":[{"embeddable":true,"href":"http:\/\/antiqvm.com\/antiqvminteriorab\/index.php?rest_route=\/wp\/v2\/users\/3"}],"replies":[{"embeddable":true,"href":"http:\/\/antiqvm.com\/antiqvminteriorab\/index.php?rest_route=%2Fwp%2Fv2%2Fcomments&post=1565"}],"version-history":[{"count":13,"href":"http:\/\/antiqvm.com\/antiqvminteriorab\/index.php?rest_route=\/wp\/v2\/pages\/1565\/revisions"}],"predecessor-version":[{"id":1631,"href":"http:\/\/antiqvm.com\/antiqvminteriorab\/index.php?rest_route=\/wp\/v2\/pages\/1565\/revisions\/1631"}],"wp:attachment":[{"href":"http:\/\/antiqvm.com\/antiqvminteriorab\/index.php?rest_route=%2Fwp%2Fv2%2Fmedia&parent=1565"}],"curies":[{"name":"wp","href":"https:\/\/api.w.org\/{rel}","templated":true}]}}