{"id":16,"date":"2010-10-27T15:57:18","date_gmt":"2010-10-27T15:57:18","guid":{"rendered":"http:\/\/antiqvm.com\/antiqvminteriorab\/?page_id=16"},"modified":"2021-01-15T11:24:34","modified_gmt":"2021-01-15T11:24:34","slug":"services-and-prices","status":"publish","type":"page","link":"http:\/\/antiqvm.com\/antiqvminteriorab\/?page_id=16","title":{"rendered":"HOMESTYLING"},"content":{"rendered":"<table border=\"0\" width=\"1000px\" cellspacing=\"0\" cellpadding=\"0\">\n<tbody>\n<tr>\n<td align=\"center\"><\/td>\n<\/tr>\n<tr>\n<td align=\"center\"><\/td>\n<\/tr>\n<tr>\n<td align=\"left\" valign=\"top\">\n<table border=\"0\" width=\"100%\" cellspacing=\"0\" cellpadding=\"0\">\n<tbody>\n<tr>\n<td width=\"18%\"><\/td>\n<td width=\"66%\"><\/td>\n<td width=\"5%\"><\/td>\n<td width=\"5%\"><\/td>\n<td width=\"6%\"><\/td>\n<\/tr>\n<\/tbody>\n<\/table>\n<\/td>\n<\/tr>\n<tr>\n<td align=\"left\" valign=\"top\">H\u00e4r nedan visas n\u00e5gra exempel p\u00e5 genomf\u00f6rda stylingar i tomma bost\u00e4der.<\/td>\n<\/tr>\n<tr>\n<td align=\"center\"><img decoding=\"async\" loading=\"lazy\" class=\"alignleft\" src=\"http:\/\/media.antiqvm.com\/2014\/09\/linje_grey.png\" alt=\"\" width=\"980\" height=\"30\"><\/td>\n<\/tr>\n<tr>\n<td align=\"center\">\n<table border=\"0\" width=\"100%\" cellspacing=\"5\" cellpadding=\"5\">\n<tbody>\n<tr>\n<td align=\"left\"><a href=\"http:\/\/media.antiqvm.com\/2018\/09\/marinstadsvagen-8.jpg\" rel=\"shadowbox[sbpost-16];player=img;\" title=\"homestyling\"><img decoding=\"async\" loading=\"lazy\" class=\"alignleft wp-image-242\" style=\"border: 2px solid #000000;\" title=\"homestyling\" src=\"http:\/\/media.antiqvm.com\/2018\/09\/marinstadsvagen-8.jpg\" alt=\"\" width=\"290\" height=\"193\" border=\"1\"><\/a><\/td>\n<td align=\"left\"><a href=\"http:\/\/media.antiqvm.com\/2017\/06\/valhallavagen-14_1.jpg\" rel=\"shadowbox[sbpost-16];player=img;\" title=\"homestyling\"><img decoding=\"async\" loading=\"lazy\" class=\"alignleft wp-image-242\" style=\"border: 2px solid #000000;\" title=\"homestyling\" src=\"http:\/\/media.antiqvm.com\/2017\/06\/valhallavagen-14_1.jpg\" alt=\"\" width=\"290\" height=\"193\" border=\"0\"><\/a><\/td>\n<td align=\"left\"><a href=\"http:\/\/media.antiqvm.com\/2017\/06\/vastmannag_4.jpg\" rel=\"shadowbox[sbpost-16];player=img;\" title=\"homestyling\"><img decoding=\"async\" loading=\"lazy\" class=\"wp-image-242 alignleft\" style=\"border: 2px solid #000000;\" title=\"homestyling\" src=\"http:\/\/media.antiqvm.com\/2017\/06\/vastmannag_4.jpg\" alt=\"\" width=\"290\" height=\"193\" border=\"0\"><\/a><\/td>\n<\/tr>\n<tr>\n<td align=\"left\">MARINSTADSV\u00c4GEN 3<\/td>\n<td align=\"left\">VALHALLAV\u00c4GEN 14<\/td>\n<td align=\"left\">V\u00c4STMANNAGATAN 89<\/td>\n<\/tr>\n<tr>\n<td align=\"left\">\n<table border=\"0\" width=\"100%\" cellspacing=\"0\" cellpadding=\"0\">\n<tbody>\n<tr>\n<td align=\"left\" valign=\"top\" width=\"21%\">Tj\u00e4nst:<\/td>\n<td align=\"left\" valign=\"top\" width=\"79%\"> Homestyling<\/td>\n<\/tr>\n<tr>\n<td align=\"left\" valign=\"top\">Yta:<\/td>\n<td align=\"left\" valign=\"top\">4 rum och k\u00f6k samt 3 altaner<\/td>\n<\/tr>\n<tr>\n<td align=\"left\" valign=\"top\">Fotograf:<\/td>\n<td align=\"left\" valign=\"top\">Gonzalo Irigoyen<\/td>\n<\/tr>\n<\/tbody>\n<\/table>\n<\/td>\n<td align=\"left\">\n<table border=\"0\" width=\"100%\" cellspacing=\"0\" cellpadding=\"0\">\n<tbody>\n<tr>\n<td align=\"left\" valign=\"top\" width=\"17%\">Tj\u00e4nst:<\/td>\n<td align=\"left\" valign=\"top\" width=\"83%\">Homestyling<\/td>\n<\/tr>\n<tr>\n<td align=\"left\">Yta:<\/td>\n<td align=\"left\" valign=\"top\">2rum och k\u00f6k<\/td>\n<\/tr>\n<\/tbody>\n<\/table>\n<\/td>\n<td align=\"left\">\n<table border=\"0\" width=\"100%\" cellspacing=\"0\" cellpadding=\"0\">\n<tbody>\n<tr>\n<td align=\"left\" valign=\"top\" width=\"17%\">Tj\u00e4nst:<\/td>\n<td align=\"left\" valign=\"top\" width=\"83%\">Homestyling<\/td>\n<\/tr>\n<tr>\n<td align=\"left\" valign=\"top\">Yta:<\/td>\n<td align=\"left\" valign=\"top\">1 rum och k\u00f6k<\/td>\n<\/tr>\n<\/tbody>\n<\/table>\n<\/td>\n<\/tr>\n<tr>\n<td align=\"left\" valign=\"top\">\n<table border=\"0\" width=\"70%\" cellspacing=\"10\" cellpadding=\"8\" align=\"left\">\n<tbody>\n<tr>\n<td align=\"left\"><a href=\"http:\/\/media.antiqvm.com\/2018\/09\/marinstadsvagen-1.jpg\" rel=\"shadowbox[sbpost-16];player=img;\" title=\"homestyling\"><img decoding=\"async\" loading=\"lazy\" class=\"alignnone size-full wp-image-242\" style=\"border: 1px !important;\" title=\"homestyling\" src=\"http:\/\/media.antiqvm.com\/2018\/09\/marinstadsvagen-1.jpg\" alt=\"\" width=\"65\" height=\"55\"><\/a><\/td>\n<td align=\"left\"><a href=\"http:\/\/media.antiqvm.com\/2018\/09\/marinstadsvagen-2.jpg\" rel=\"shadowbox[sbpost-16];player=img;\" title=\"homestyling\"><img decoding=\"async\" loading=\"lazy\" class=\"alignnone size-full wp-image-242\" style=\"border: 1px !important;\" title=\"homestyling\" src=\"http:\/\/media.antiqvm.com\/2018\/09\/marinstadsvagen-2.jpg\" alt=\"\" width=\"65\" height=\"55\" border=\"0\"><\/a><\/td>\n<td align=\"left\"><a href=\"http:\/\/media.antiqvm.com\/2018\/09\/marinstadsvagen-3.jpg\" rel=\"shadowbox[sbpost-16];player=img;\" title=\"homestyling\"><img decoding=\"async\" loading=\"lazy\" class=\"alignnone wp-image-242\" style=\"border: 1px !important;\" title=\"homestyling\" src=\"http:\/\/media.antiqvm.com\/2018\/09\/marinstadsvagen-3.jpg\" alt=\"\" width=\"65\" height=\"55\" border=\"0\"><\/a><\/td>\n<\/tr>\n<tr>\n<td align=\"left\"><a href=\"http:\/\/media.antiqvm.com\/2018\/09\/marinstadsvagen-4.jpg\" rel=\"shadowbox[sbpost-16];player=img;\" title=\"homestyling\"><img decoding=\"async\" loading=\"lazy\" class=\"alignnone size-full wp-image-242\" style=\"border: 1px !important;\" title=\"homestyling\" src=\"http:\/\/media.antiqvm.com\/2018\/09\/marinstadsvagen-4.jpg\" alt=\"\" width=\"65\" height=\"55\"><\/a><\/td>\n<td align=\"left\"><a href=\"http:\/\/media.antiqvm.com\/2018\/09\/marinstadsvagen-5.jpg\" rel=\"shadowbox[sbpost-16];player=img;\" title=\"homestyling\"><img decoding=\"async\" loading=\"lazy\" class=\"alignnone size-full wp-image-242\" style=\"border: 1px !important;\" title=\"homestyling\" src=\"http:\/\/media.antiqvm.com\/2018\/09\/marinstadsvagen-5.jpg\" alt=\"\" width=\"65\" height=\"55\"><\/a><\/td>\n<td align=\"left\"><a href=\"http:\/\/media.antiqvm.com\/2018\/09\/marinstadsvagen-6.jpg\" rel=\"shadowbox[sbpost-16];player=img;\" title=\"homestyling\"><img decoding=\"async\" loading=\"lazy\" class=\"alignnone size-full wp-image-242\" style=\"border: 1px !important;\" title=\"homestyling\" src=\"http:\/\/media.antiqvm.com\/2018\/09\/marinstadsvagen-6.jpg\" alt=\"\" width=\"65\" height=\"55\"><\/a><\/td>\n<\/tr>\n<tr>\n<td align=\"left\"><a href=\"http:\/\/media.antiqvm.com\/2018\/09\/marinstadsvagen-7.jpg\" rel=\"shadowbox[sbpost-16];player=img;\" title=\"homestyling\"><img decoding=\"async\" loading=\"lazy\" class=\"alignnone size-full wp-image-242\" style=\"border: 1px !important;\" title=\"homestyling\" src=\"http:\/\/media.antiqvm.com\/2018\/09\/marinstadsvagen-7.jpg\" alt=\"\" width=\"65\" height=\"55\"><\/a><\/td>\n<td align=\"left\"><\/td>\n<td align=\"left\"><\/td>\n<\/tr>\n<\/tbody>\n<\/table>\n<\/td>\n<td align=\"left\" valign=\"top\">\n<table border=\"0\" width=\"80%\" cellspacing=\"10\" cellpadding=\"8\">\n<tbody>\n<tr>\n<td align=\"left\"><a href=\"http:\/\/media.antiqvm.com\/2017\/06\/valhallavagen-14_2.jpg\" rel=\"shadowbox[sbpost-16];player=img;\" title=\"homestyling\"><img decoding=\"async\" loading=\"lazy\" class=\"alignnone size-full wp-image-242\" style=\"border: 1px !important;\" title=\"homestyling\" src=\"http:\/\/media.antiqvm.com\/2017\/06\/valhallavagen-14_2.jpg\" alt=\"\" width=\"65\" height=\"55\"><\/a><\/td>\n<td align=\"left\"><a href=\"http:\/\/media.antiqvm.com\/2017\/06\/valhallavagen-14_3.jpg\" rel=\"shadowbox[sbpost-16];player=img;\" title=\"homestyling\"><img decoding=\"async\" loading=\"lazy\" class=\"alignnone size-full wp-image-242\" style=\"border: 1px !important;\" title=\"homestyling\" src=\"http:\/\/media.antiqvm.com\/2017\/06\/valhallavagen-14_3.jpg\" alt=\"\" width=\"65\" height=\"55\" border=\"0\"><\/a><\/td>\n<td align=\"left\"><a href=\"http:\/\/media.antiqvm.com\/2017\/06\/valhallavagen-14_4.jpg\" rel=\"shadowbox[sbpost-16];player=img;\" title=\"homestyling\"><img decoding=\"async\" loading=\"lazy\" class=\"alignnone size-full wp-image-242\" style=\"border: 1px !important;\" title=\"homestyling\" src=\"http:\/\/media.antiqvm.com\/2017\/06\/valhallavagen-14_4.jpg\" alt=\"\" width=\"65\" height=\"55\" border=\"0\"><\/a><\/td>\n<\/tr>\n<tr>\n<td align=\"left\"><a href=\"http:\/\/media.antiqvm.com\/2017\/06\/valhallavagen-14_5.jpg\" rel=\"shadowbox[sbpost-16];player=img;\" title=\"homestyling\"><img decoding=\"async\" loading=\"lazy\" class=\"alignnone size-full wp-image-242\" style=\"border: 1px !important;\" title=\"homestyling\" src=\"http:\/\/media.antiqvm.com\/2017\/06\/valhallavagen-14_5.jpg\" alt=\"\" width=\"65\" height=\"55\" border=\"0\"><\/a><\/td>\n<td align=\"left\"><a href=\"http:\/\/media.antiqvm.com\/2017\/06\/valhallavagen-14_6.jpg\" rel=\"shadowbox[sbpost-16];player=img;\" title=\"homestyling\"><img decoding=\"async\" loading=\"lazy\" class=\"alignnone size-full wp-image-242\" style=\"border: 1px !important;\" title=\"homestyling\" src=\"http:\/\/media.antiqvm.com\/2017\/06\/valhallavagen-14_6.jpg\" alt=\"\" width=\"65\" height=\"55\" border=\"0\"><\/a><\/td>\n<td align=\"left\"><\/td>\n<\/tr>\n<tr>\n<td align=\"left\"><\/td>\n<td align=\"left\"><\/td>\n<td align=\"left\"><\/td>\n<\/tr>\n<\/tbody>\n<\/table>\n<\/td>\n<td align=\"left\" valign=\"top\">\n<table border=\"0\" width=\"76%\" cellspacing=\"10\" cellpadding=\"8\">\n<tbody>\n<tr>\n<td align=\"left\"><a href=\"http:\/\/media.antiqvm.com\/2017\/06\/vastmannag_3.jpg\" rel=\"shadowbox[sbpost-16];player=img;\" title=\"homestyling\"><img decoding=\"async\" loading=\"lazy\" class=\"alignnone size-full wp-image-242\" style=\"border: 1px !important;\" title=\"homestyling\" src=\"http:\/\/media.antiqvm.com\/2017\/06\/vastmannag_3.jpg\" alt=\"\" width=\"65\" height=\"55\" border=\"0\"><\/a><\/td>\n<td align=\"left\"><a href=\"http:\/\/media.antiqvm.com\/2017\/06\/vastmannag_2.jpg\" rel=\"shadowbox[sbpost-16];player=img;\" title=\"homestyling\"><img decoding=\"async\" loading=\"lazy\" class=\"alignnone size-full wp-image-242\" style=\"border: 1px !important;\" title=\"homestyling\" src=\"http:\/\/media.antiqvm.com\/2017\/06\/vastmannag_2.jpg\" alt=\"\" width=\"65\" height=\"55\" border=\"0\"><\/a><\/td>\n<td align=\"left\"><a href=\"http:\/\/media.antiqvm.com\/2017\/06\/vastmannag_1.jpg\" rel=\"shadowbox[sbpost-16];player=img;\" title=\"homestyling\"><img decoding=\"async\" loading=\"lazy\" class=\"alignnone size-full wp-image-242\" style=\"border: 1px !important;\" title=\"homestyling\" src=\"http:\/\/media.antiqvm.com\/2017\/06\/vastmannag_1.jpg\" alt=\"\" width=\"65\" height=\"55\"><\/a><\/td>\n<\/tr>\n<tr>\n<td align=\"left\">&nbsp;<\/td>\n<td align=\"left\">&nbsp;<\/td>\n<td align=\"left\">&nbsp;<\/td>\n<\/tr>\n<tr>\n<td align=\"left\">&nbsp;<\/td>\n<td align=\"left\">&nbsp;<\/td>\n<td align=\"left\"><\/td>\n<\/tr>\n<\/tbody>\n<\/table>\n<\/td>\n<\/tr>\n<\/tbody>\n<\/table>\n<\/td>\n<\/tr>\n<tr>\n<td align=\"center\"><\/td>\n<\/tr>\n<\/tbody>\n<\/table>\n<table border=\"0\" width=\"1000\" cellspacing=\"5\" cellpadding=\"5\">\n<tbody>\n<tr>\n<td><img decoding=\"async\" loading=\"lazy\" src=\"http:\/\/media.antiqvm.com\/2014\/09\/linje_grey.png\" alt=\"\" width=\"980\" height=\"30\"><\/td>\n<\/tr>\n<\/tbody>\n<\/table>\n<table border=\"0\" width=\"1000px\" cellspacing=\"0\" cellpadding=\"0\">\n<tbody>\n<tr>\n<td align=\"center\"><\/td>\n<\/tr>\n<tr>\n<td align=\"center\"><\/td>\n<\/tr>\n<tr>\n<td align=\"center\"><\/td>\n<\/tr>\n<tr>\n<td align=\"center\">\n<table border=\"0\" width=\"100%\" cellspacing=\"5\" cellpadding=\"5\"><\/table>\n<\/td>\n<\/tr>\n<tr>\n<td align=\"center\"><\/td>\n<\/tr>\n<\/tbody>\n<\/table>\n<table border=\"0\" width=\"1000\" cellspacing=\"5\" cellpadding=\"5\">\n<tbody>\n<tr>\n<td>&nbsp;<\/td>\n<\/tr>\n<\/tbody>\n<\/table>\n<table border=\"0\" width=\"1000px\" cellspacing=\"0\" cellpadding=\"0\">\n<tbody>\n<tr>\n<td align=\"center\"><\/td>\n<\/tr>\n<tr>\n<td align=\"center\"><\/td>\n<\/tr>\n<tr>\n<td align=\"center\"><\/td>\n<\/tr>\n<tr>\n<td align=\"center\">\n<table border=\"0\" width=\"100%\" cellspacing=\"5\" cellpadding=\"5\">\n<tbody>\n<tr>\n<td align=\"left\"><a href=\"http:\/\/media.antiqvm.com\/2020\/12\/tollare_1.jpeg\" rel=\"shadowbox[sbpost-16];player=img;\" title=\"homestyling\"><img decoding=\"async\" loading=\"lazy\" class=\"wp-image-242 alignleft\" style=\"border: 2px solid #000000;\" title=\"homestyling\" src=\"http:\/\/media.antiqvm.com\/2020\/12\/tollare_1.jpeg\" alt=\"\" width=\"290\" height=\"193\" border=\"0\"><\/a><\/td>\n<td align=\"left\"><a href=\"http:\/\/media.antiqvm.com\/2020\/12\/gardet_1.jpeg\" rel=\"shadowbox[sbpost-16];player=img;\" title=\"homestyling\"><img decoding=\"async\" loading=\"lazy\" class=\"wp-image-242 alignleft\" style=\"border: 2px solid #000000;\" title=\"homestyling\" src=\"http:\/\/media.antiqvm.com\/2020\/12\/gardet_1.jpeg\" alt=\"\" width=\"290\" height=\"193\" border=\"1\"><\/a><\/td>\n<td align=\"left\"><a href=\"http:\/\/media.antiqvm.com\/2020\/12\/norrabackgatan_1.jpeg\" rel=\"shadowbox[sbpost-16];player=img;\" title=\"homestyling\"><img decoding=\"async\" loading=\"lazy\" class=\"wp-image-242 alignleft\" style=\"border: 2px solid #000000;\" title=\"homestyling\" src=\"http:\/\/media.antiqvm.com\/2020\/12\/norrabackgatan_1.jpeg\" alt=\"\" width=\"290\" height=\"193\" border=\"0\"><\/a><\/td>\n<\/tr>\n<tr>\n<td align=\"left\">TOLLARE<\/td>\n<td align=\"left\">G\u00c4RDET<\/td>\n<td align=\"left\">NORRBACKGATAN<\/td>\n<\/tr>\n<tr>\n<td align=\"left\">\n<table border=\"0\" width=\"100%\" cellspacing=\"0\" cellpadding=\"0\">\n<tbody>\n<tr>\n<td align=\"left\" valign=\"top\" width=\"17%\">Tj\u00e4nst:<\/td>\n<td align=\"left\" valign=\"top\" width=\"83%\">Homestyling<\/td>\n<\/tr>\n<tr>\n<td align=\"left\" valign=\"top\">Yta:<\/td>\n<td align=\"left\" valign=\"top\">1,5 rum och k\u00f6k med altan<\/td>\n<\/tr>\n<\/tbody>\n<\/table>\n<\/td>\n<td align=\"left\">\n<table border=\"0\" width=\"100%\" cellspacing=\"0\" cellpadding=\"0\">\n<tbody>\n<tr>\n<td align=\"left\" valign=\"top\" width=\"17%\">Tj\u00e4nst:<\/td>\n<td align=\"left\" valign=\"top\" width=\"83%\">Homestyling<\/td>\n<\/tr>\n<tr>\n<td align=\"left\" valign=\"top\">Yta:<\/td>\n<td align=\"left\" valign=\"top\">1 rum och k\u00f6k med balkong<\/td>\n<\/tr>\n<\/tbody>\n<\/table>\n<\/td>\n<td align=\"left\">\n<table border=\"0\" width=\"100%\" cellspacing=\"0\" cellpadding=\"0\">\n<tbody>\n<tr>\n<td align=\"left\" valign=\"top\" width=\"17%\">Tj\u00e4nst:<\/td>\n<td align=\"left\" valign=\"top\" width=\"83%\">Homestyling<\/td>\n<\/tr>\n<tr>\n<td align=\"left\" valign=\"top\">Yta:<\/td>\n<td align=\"left\" valign=\"top\">2 rum och k\u00f6k med balkong<\/td>\n<\/tr>\n<\/tbody>\n<\/table>\n<\/td>\n<\/tr>\n<tr>\n<td align=\"left\" valign=\"top\">\n<table border=\"0\" width=\"70%\" cellspacing=\"10\" cellpadding=\"8\" align=\"left\">\n<tbody>\n<tr>\n<td align=\"left\"><a href=\"http:\/\/media.antiqvm.com\/2020\/12\/tollare_2.jpeg\" rel=\"shadowbox[sbpost-16];player=img;\" title=\"homestyling\"><img decoding=\"async\" loading=\"lazy\" class=\"alignnone size-full wp-image-242\" style=\"border: 1px !important;\" title=\"homestyling\" src=\"http:\/\/media.antiqvm.com\/2020\/12\/tollare_2.jpeg\" alt=\"\" width=\"65\" height=\"55\"><\/a><\/td>\n<td align=\"left\"><a href=\"http:\/\/media.antiqvm.com\/2020\/12\/tollare_3.jpeg\" rel=\"shadowbox[sbpost-16];player=img;\" title=\"homestyling\"><img decoding=\"async\" loading=\"lazy\" class=\"alignnone size-full wp-image-242\" style=\"border: 1px !important;\" title=\"homestyling\" src=\"http:\/\/media.antiqvm.com\/2020\/12\/tollare_3.jpeg\" alt=\"\" width=\"65\" height=\"55\"><\/a><\/td>\n<td align=\"left\"><a href=\"http:\/\/media.antiqvm.com\/2020\/12\/tollare_4.jpeg\" rel=\"shadowbox[sbpost-16];player=img;\" title=\"homestyling\"><img decoding=\"async\" loading=\"lazy\" class=\"alignnone size-full wp-image-242\" style=\"border: 1px !important;\" title=\"homestyling\" src=\"http:\/\/media.antiqvm.com\/2020\/12\/tollare_4.jpeg\" alt=\"\" width=\"65\" height=\"55\"><\/a><\/td>\n<\/tr>\n<tr>\n<td align=\"left\">&nbsp;<\/td>\n<td align=\"left\"><\/td>\n<td align=\"left\"><\/td>\n<\/tr>\n<tr>\n<td align=\"left\"><\/td>\n<td align=\"left\"><\/td>\n<td align=\"left\"><\/td>\n<\/tr>\n<\/tbody>\n<\/table>\n<\/td>\n<td align=\"left\" valign=\"top\">\n<table border=\"0\" width=\"80%\" cellspacing=\"10\" cellpadding=\"8\">\n<tbody>\n<tr>\n<td align=\"left\"><a href=\"http:\/\/media.antiqvm.com\/2020\/12\/gardet_2.jpeg\" rel=\"shadowbox[sbpost-16];player=img;\" title=\"homestyling\"><img decoding=\"async\" loading=\"lazy\" class=\"alignnone size-full wp-image-242\" style=\"border: 1px !important;\" title=\"homestyling\" src=\"http:\/\/media.antiqvm.com\/2020\/12\/gardet_2.jpeg\" alt=\"\" width=\"65\" height=\"55\"><\/a><\/td>\n<td align=\"left\"><a href=\"http:\/\/media.antiqvm.com\/2020\/12\/gardet_3.jpeg\" rel=\"shadowbox[sbpost-16];player=img;\" title=\"homestyling\"><img decoding=\"async\" loading=\"lazy\" class=\"alignnone size-full wp-image-242\" style=\"border: 1px !important;\" title=\"homestyling\" src=\"http:\/\/media.antiqvm.com\/2020\/12\/gardet_3.jpeg\" alt=\"\" width=\"65\" height=\"55\" border=\"0\"><\/a><\/td>\n<td align=\"left\"><a href=\"http:\/\/media.antiqvm.com\/2020\/12\/gardet_4.jpeg\" rel=\"shadowbox[sbpost-16];player=img;\" title=\"homestyling\"><img decoding=\"async\" loading=\"lazy\" class=\"alignnone size-full wp-image-242\" style=\"border: 1px !important;\" title=\"homestyling\" src=\"http:\/\/media.antiqvm.com\/2020\/12\/gardet_4.jpeg\" alt=\"\" width=\"65\" height=\"55\" border=\"0\"><\/a><\/td>\n<\/tr>\n<tr>\n<td align=\"left\"><a href=\"http:\/\/media.antiqvm.com\/2017\/06\/valhallavagen-14_5.jpg\" rel=\"shadowbox[sbpost-16];player=img;\"><\/a><\/td>\n<td align=\"left\">&nbsp;<\/td>\n<td align=\"left\">&nbsp;<\/td>\n<\/tr>\n<tr>\n<td align=\"left\"><\/td>\n<td align=\"left\"><\/td>\n<td align=\"left\"><\/td>\n<\/tr>\n<\/tbody>\n<\/table>\n<\/td>\n<td align=\"left\" valign=\"top\">\n<table border=\"0\" width=\"76%\" cellspacing=\"10\" cellpadding=\"8\">\n<tbody>\n<tr>\n<td align=\"left\"><a href=\"http:\/\/media.antiqvm.com\/2020\/12\/norrabackgatan_2.jpeg\" rel=\"shadowbox[sbpost-16];player=img;\" title=\"homestyling\"><img decoding=\"async\" loading=\"lazy\" class=\"alignnone size-full wp-image-242\" style=\"border: 1px !important;\" title=\"homestyling\" src=\"http:\/\/media.antiqvm.com\/2020\/12\/norrabackgatan_2.jpeg\" alt=\"\" width=\"65\" height=\"55\" border=\"0\"><\/a><\/td>\n<td align=\"left\"><a href=\"http:\/\/media.antiqvm.com\/2020\/12\/norrabackgatan_3.jpeg\" rel=\"shadowbox[sbpost-16];player=img;\" title=\"homestyling\"><img decoding=\"async\" loading=\"lazy\" class=\"alignnone size-full wp-image-242\" style=\"border: 1px !important;\" title=\"homestyling\" src=\"http:\/\/media.antiqvm.com\/2020\/12\/norrabackgatan_3.jpeg\" alt=\"\" width=\"65\" height=\"55\" border=\"0\"><\/a><\/td>\n<td align=\"left\"><a href=\"http:\/\/media.antiqvm.com\/2020\/12\/norrabackgatan_4.jpeg\" rel=\"shadowbox[sbpost-16];player=img;\" title=\"homestyling\"><img decoding=\"async\" loading=\"lazy\" class=\"alignnone size-full wp-image-242\" style=\"border: 1px !important;\" title=\"homestyling\" src=\"http:\/\/media.antiqvm.com\/2020\/12\/norrabackgatan_4.jpeg\" alt=\"\" width=\"65\" height=\"55\" border=\"0\"><\/a><\/td>\n<\/tr>\n<tr>\n<td align=\"left\"><a href=\"http:\/\/media.antiqvm.com\/2017\/06\/vanadis_5.jpeg\" rel=\"shadowbox[sbpost-16];player=img;\"><\/a><\/td>\n<td align=\"left\">&nbsp;<\/td>\n<td align=\"left\"><\/td>\n<\/tr>\n<tr>\n<td align=\"left\"><\/td>\n<td align=\"left\"><\/td>\n<td align=\"left\"><\/td>\n<\/tr>\n<\/tbody>\n<\/table>\n<\/td>\n<\/tr>\n<\/tbody>\n<\/table>\n<\/td>\n<\/tr>\n<tr>\n<td align=\"center\"><\/td>\n<\/tr>\n<\/tbody>\n<\/table>\n","protected":false},"excerpt":{"rendered":"<p>H\u00e4r nedan visas n\u00e5gra exempel p\u00e5 genomf\u00f6rda stylingar i tomma bost\u00e4der. MARINSTADSV\u00c4GEN 3 VALHALLAV\u00c4GEN 14 V\u00c4STMANNAGATAN 89 Tj\u00e4nst: Homestyling Yta: 4 rum och k\u00f6k samt 3 altaner Fotograf: Gonzalo Irigoyen Tj\u00e4nst: Homestyling Yta: 2rum och k\u00f6k Tj\u00e4nst: Homestyling Yta: 1 rum och k\u00f6k &nbsp; &nbsp; &nbsp; &nbsp; &nbsp; &nbsp; TOLLARE G\u00c4RDET NORRBACKGATAN Tj\u00e4nst: Homestyling Yta: [&hellip;]<\/p>\n","protected":false},"author":1,"featured_media":0,"parent":0,"menu_order":3,"comment_status":"closed","ping_status":"closed","template":"onecolumn-page.php","meta":[],"_links":{"self":[{"href":"http:\/\/antiqvm.com\/antiqvminteriorab\/index.php?rest_route=\/wp\/v2\/pages\/16"}],"collection":[{"href":"http:\/\/antiqvm.com\/antiqvminteriorab\/index.php?rest_route=\/wp\/v2\/pages"}],"about":[{"href":"http:\/\/antiqvm.com\/antiqvminteriorab\/index.php?rest_route=\/wp\/v2\/types\/page"}],"author":[{"embeddable":true,"href":"http:\/\/antiqvm.com\/antiqvminteriorab\/index.php?rest_route=\/wp\/v2\/users\/1"}],"replies":[{"embeddable":true,"href":"http:\/\/antiqvm.com\/antiqvminteriorab\/index.php?rest_route=%2Fwp%2Fv2%2Fcomments&post=16"}],"version-history":[{"count":94,"href":"http:\/\/antiqvm.com\/antiqvminteriorab\/index.php?rest_route=\/wp\/v2\/pages\/16\/revisions"}],"predecessor-version":[{"id":1615,"href":"http:\/\/antiqvm.com\/antiqvminteriorab\/index.php?rest_route=\/wp\/v2\/pages\/16\/revisions\/1615"}],"wp:attachment":[{"href":"http:\/\/antiqvm.com\/antiqvminteriorab\/index.php?rest_route=%2Fwp%2Fv2%2Fmedia&parent=16"}],"curies":[{"name":"wp","href":"https:\/\/api.w.org\/{rel}","templated":true}]}}